{"id":7,"date":"2022-07-22T14:02:18","date_gmt":"2022-07-22T12:02:18","guid":{"rendered":"https:\/\/parkviertel.macbay.org\/?page_id=7"},"modified":"2022-11-15T14:34:51","modified_gmt":"2022-11-15T13:34:51","slug":"startseite","status":"publish","type":"page","link":"https:\/\/leben-im-parkviertel.de\/dev\/","title":{"rendered":"Startseite"},"content":{"rendered":"<h2 class=\"wp-block-heading\" id=\"willkommen-auf-unserer-neuen-website\">Willkommen auf unserer neuen Website!<\/h2>\n\n<p>Diese Seite befindet sich im Augenblick noch im Aufbau. Noch ist nicht alles an seinem Platz. Schaut gern zwischendurch wieder vorbei. In K\u00fcrze starten wir endlich auch unseren Newsletter.<\/p>\n<p>Aktuell bereiten wir f\u00fcr den 5.11. den <a href=\"https:\/\/leben-im-parkviertel.de\/dev\/stolpersteine\/\"><strong>Kiezrundgang der Erinnerung<\/strong><\/a> vor und laden zum gemeinsamen Besuch und putzen der Stolpersteine im Parkviertel ein, au\u00dferdem planen wir erstmals den <a href=\"https:\/\/leben-im-parkviertel.de\/dev\/adventskalender\/\"><strong>Lebendigen Adventskalender Parkviertel<\/strong><\/a> !<\/p>\n\n\n<p>In unserem <strong><a href=\"https:\/\/www.leben-im-parkviertel.de\/blog\/\" data-type=\"page\" data-id=\"2\">Magazin<\/a><\/strong> k\u00f6nnt ihr euch jederzeit \u00fcber anstehende Aktivit\u00e4ten informieren und findet demn\u00e4chst auch den einen oder anderen Erlebnis-Bericht.<\/p>\n\n\n\n<p>Die Nachbarschaftsinitiative \u201e<strong>Leben im Parkviertel<\/strong>\u201c gibt es seit 2018 und bietet den Menschen die M\u00f6glichkeit, das Leben im Kiez mitzugestalten.<\/p>\n\n\n\n<p>Zu unserer Gruppe geh\u00f6rt ein noch kleiner fester Kern. Wir organisieren Nachbarschaftstreffen,  Pflanzaktionen, <a href=\"https:\/\/www.leben-im-parkviertel.de\/category\/muell\/\" data-type=\"category\" data-id=\"24\"><strong>M\u00fcllsammelaktionen<\/strong><\/a>, <a href=\"https:\/\/leben-im-parkviertel.de\/dev\/kiezputz\/\"><strong>Kiezputzaktionen<\/strong><\/a> und vieles mehr im Kiez und laden zu gemeinsamen <a href=\"https:\/\/www.leben-im-parkviertel.de\/category\/kiezspaziergang\/\" data-type=\"category\" data-id=\"18\"><strong>Spazierg\u00e4ngen<\/strong><\/a> und Nordic-Walking ein.<\/p>\n\n\n\n<p>Regelm\u00e4\u00dfig kommen wir auch im offenen Treff des <strong>Zukunftshauses Wedding<\/strong> zusammen, einem Mehrgenerationenhaus in Tr\u00e4gerschaft des Paul Ger\u00adhardt Stifts. Dort gibt es auch Kaffee- und Spielenachmittage.<\/p>\n\n\n<h2 class=\"has-text-align-center wp-block-heading\" id=\"unseren-letzten-beitraege\">Unseren letzten Beitr\u00e4ge<\/h2>\n\n\n<div class=\"gb-grid-wrapper gb-grid-wrapper-2f3c05cb gb-query-loop-wrapper\">\n<div class=\"gb-grid-column gb-grid-column-cf4b7ee0 gb-query-loop-item post-875 post type-post status-publish format-standard has-post-thumbnail hentry category-allerbeste-nachbarschaft category-kiezspaziergang\"><div class=\"gb-container gb-container-cf4b7ee0\"><div class=\"gb-inside-container\">\n<figure class=\"gb-block-image gb-block-image-a277bc38\"><img loading=\"lazy\" decoding=\"async\" width=\"1600\" height=\"393\" src=\"https:\/\/leben-im-parkviertel.de\/dev\/wp-content\/uploads\/signal-2021-03-21-175001.jpeg\" class=\"gb-image-a277bc38\" alt=\"\" srcset=\"https:\/\/leben-im-parkviertel.de\/dev\/wp-content\/uploads\/signal-2021-03-21-175001.jpeg 1600w, https:\/\/leben-im-parkviertel.de\/dev\/wp-content\/uploads\/signal-2021-03-21-175001-300x74.jpeg 300w, https:\/\/leben-im-parkviertel.de\/dev\/wp-content\/uploads\/signal-2021-03-21-175001-1024x252.jpeg 1024w, https:\/\/leben-im-parkviertel.de\/dev\/wp-content\/uploads\/signal-2021-03-21-175001-768x189.jpeg 768w, https:\/\/leben-im-parkviertel.de\/dev\/wp-content\/uploads\/signal-2021-03-21-175001-1536x377.jpeg 1536w\" sizes=\"auto, (max-width: 1600px) 100vw, 1600px\" \/><\/figure>\n\n<h3 class=\"gb-headline gb-headline-bfce2f10 gb-headline-text\"><a href=\"https:\/\/leben-im-parkviertel.de\/dev\/kiezspaziergang-schillerpark-09-07-2022\/\">Kiezspaziergang Schillerpark 09.07.2022<\/a><\/h3>\n\n<p class=\"gb-headline gb-headline-8c7a7a35 gb-headline-text\"><time class=\"entry-date published\" datetime=\"2022-06-19T16:45:16+02:00\">19.06.2022<\/time><\/p>\n\n<div class=\"gb-headline gb-headline-cf4bc94d gb-headline-text\">27.06.2022: Leider liegen bereits f\u00fcr alle freien Pl\u00e4tze Anmeldungen vor. Weitere Anmeldungen werden der Warteliste hinzugef\u00fcgt. Flyer Download&nbsp;Anmelden per eMail.<\/div>\n<\/div><\/div><\/div>\n\n<div class=\"gb-grid-column gb-grid-column-cf4b7ee0 gb-query-loop-item post-871 post type-post status-publish format-standard has-post-thumbnail hentry category-allgemeines\"><div class=\"gb-container gb-container-cf4b7ee0\"><div class=\"gb-inside-container\">\n<figure class=\"gb-block-image gb-block-image-a277bc38\"><img loading=\"lazy\" decoding=\"async\" width=\"1640\" height=\"924\" src=\"https:\/\/leben-im-parkviertel.de\/dev\/wp-content\/uploads\/Lastenraeder-Parkviertel.png\" class=\"gb-image-a277bc38\" alt=\"\" srcset=\"https:\/\/leben-im-parkviertel.de\/dev\/wp-content\/uploads\/Lastenraeder-Parkviertel.png 1640w, https:\/\/leben-im-parkviertel.de\/dev\/wp-content\/uploads\/Lastenraeder-Parkviertel-300x169.png 300w, https:\/\/leben-im-parkviertel.de\/dev\/wp-content\/uploads\/Lastenraeder-Parkviertel-1024x577.png 1024w, https:\/\/leben-im-parkviertel.de\/dev\/wp-content\/uploads\/Lastenraeder-Parkviertel-768x433.png 768w, https:\/\/leben-im-parkviertel.de\/dev\/wp-content\/uploads\/Lastenraeder-Parkviertel-1536x865.png 1536w\" sizes=\"auto, (max-width: 1640px) 100vw, 1640px\" \/><\/figure>\n\n<h3 class=\"gb-headline gb-headline-bfce2f10 gb-headline-text\"><a href=\"https:\/\/leben-im-parkviertel.de\/dev\/lastenraeder-im-parkviertel\/\">Lastenr\u00e4der im Parkviertel<\/a><\/h3>\n\n<p class=\"gb-headline gb-headline-8c7a7a35 gb-headline-text\"><time class=\"entry-date published\" datetime=\"2022-06-11T15:16:14+02:00\">11.06.2022<\/time><\/p>\n\n\n<\/div><\/div><\/div>\n\n<div class=\"gb-grid-column gb-grid-column-cf4b7ee0 gb-query-loop-item post-861 post type-post status-publish format-standard has-post-thumbnail hentry category-ag-mein-freund-der-baum category-allerbeste-nachbarschaft category-clean-up-im-kiez category-kiezspaziergang category-seniorinnen-55\"><div class=\"gb-container gb-container-cf4b7ee0\"><div class=\"gb-inside-container\">\n<figure class=\"gb-block-image gb-block-image-a277bc38\"><img loading=\"lazy\" decoding=\"async\" width=\"1640\" height=\"924\" src=\"https:\/\/leben-im-parkviertel.de\/dev\/wp-content\/uploads\/Leben-im-Parkviertel-Facebook-Titelbilder.png\" class=\"gb-image-a277bc38\" alt=\"\" srcset=\"https:\/\/leben-im-parkviertel.de\/dev\/wp-content\/uploads\/Leben-im-Parkviertel-Facebook-Titelbilder.png 1640w, https:\/\/leben-im-parkviertel.de\/dev\/wp-content\/uploads\/Leben-im-Parkviertel-Facebook-Titelbilder-300x169.png 300w, https:\/\/leben-im-parkviertel.de\/dev\/wp-content\/uploads\/Leben-im-Parkviertel-Facebook-Titelbilder-1024x577.png 1024w, https:\/\/leben-im-parkviertel.de\/dev\/wp-content\/uploads\/Leben-im-Parkviertel-Facebook-Titelbilder-768x433.png 768w, https:\/\/leben-im-parkviertel.de\/dev\/wp-content\/uploads\/Leben-im-Parkviertel-Facebook-Titelbilder-1536x865.png 1536w\" sizes=\"auto, (max-width: 1640px) 100vw, 1640px\" \/><\/figure>\n\n<h3 class=\"gb-headline gb-headline-bfce2f10 gb-headline-text\"><a href=\"https:\/\/leben-im-parkviertel.de\/dev\/nachbarschaft-uebersicht\/\">Nachbarschaft \u00dcbersicht<\/a><\/h3>\n\n<p class=\"gb-headline gb-headline-8c7a7a35 gb-headline-text\"><time class=\"entry-date published\" datetime=\"2022-05-24T15:15:48+02:00\">24.05.2022<\/time><\/p>\n\n<div class=\"gb-headline gb-headline-cf4bc94d gb-headline-text\">\u00dcberarbeitung erfolgt!<\/div>\n<\/div><\/div><\/div>\n<\/div>\n\n\n<h2 class=\"has-text-align-center wp-block-heading\" id=\"newsletter\">Anmeldung zum Newsletter<\/h2>\n\n\n<p>Du m\u00f6chtest auf dem Laufenden bleiben und rechtzeitig \u00fcber neue Aktivit\u00e4ten informiert werden? Dann trage dich gleich in unserem Newsletter ein:<\/p>\n\n\n<div class=\"gh-form-wrapper\"><form method=\"post\" class=\"gh-form  ajax-submit\" target=\"_parent\" enctype=\"multipart\/form-data\" name=\"Web-Formular\" id=\"form_69d1c4326d36e\"><input type='hidden' name='gh_submit_form_key' value='THBWWjY3V0wxUDIwWDZSVmdhV0E4dz09'><input type='hidden' name='gh_submit_form' value='3'><div class=\"form-fields\"><div class=\"gh-form-row\">\r\n    <div class=\"gh-form-column  col-1-of-2\">\r\n        <div class=\"form-field-with-label\"><label class=\"gh-input-label\" for=\"first_name\">Vorname *<\/label><input type=\"text\" name=\"first_name\" id=\"first_name\" class=\"gh-first-name gh-input\" value=\"\" title=\"F\u00fcgen Sie keine Zahlen oder Sonderzeichen ein.\" required\/><\/div>\r\n    <\/div>\r\n    <div class=\"gh-form-column  col-1-of-2\">\r\n        <div class=\"form-field-with-label\"><label class=\"gh-input-label\" for=\"last_name\">Nachname<\/label><input type=\"text\" name=\"last_name\" id=\"last_name\" class=\"gh-last-name gh-input\" value=\"\" title=\"F\u00fcgen Sie keine Zahlen oder Sonderzeichen ein.\"\/><\/div>\r\n    <\/div>\r\n<\/div>\r\n<div class=\"gh-form-row\">\r\n    <div class=\"gh-form-column  col-1-of-1\">\r\n        <div class=\"form-field-with-label\"><label class=\"gh-input-label\" for=\"email\">E-Mail *<\/label><input type=\"email\" name=\"email\" id=\"email\" class=\"gh-email gh-input\" value=\"\" title=\"E-Mail *\" required\/><\/div>\r\n    <\/div>\r\n<\/div>\r\n<div class=\"gh-form-row\">\r\n    <div class=\"gh-form-column  col-1-of-1\">\r\n        <div class='gh-button-wrapper'><button type='submit' id='gh-submit' class='gh-submit-button gh-submit'>Jetzt zum Newsletter anmelden<\/button><\/div>\r\n    <\/div>\r\n<\/div>\r\n<\/div><\/form><\/div>\n\n\n<h2 class=\"has-text-align-center wp-block-heading\" id=\"kontaktformular\">Kontakt-Formular<\/h2>\n\n\n<p>Du hast Fragen zu unseren Akrtivit\u00e4ten, \u00fcber die Initiative oder m\u00f6chtest du etwas mitteilen? Sehr gerne! \u00dcber das unten stehende Formular kannst uns eine Nachricht hinterlassen:<\/p>\n\n\n<div class='fluentform ff-default fluentform_wrapper_3 ffs_default_wrap'><form data-form_id=\"3\" id=\"fluentform_3\" class=\"frm-fluent-form fluent_form_3 ff-el-form-top ff_form_instance_3_1 ff-form-loading ffs_default\" data-form_instance=\"ff_form_instance_3_1\" method=\"POST\" ><fieldset  style=\"border: none!important;margin: 0!important;padding: 0!important;background-color: transparent!important;box-shadow: none!important;outline: none!important; min-inline-size: 100%;\">\n                    <legend class=\"ff_screen_reader_title\" style=\"display: block; margin: 0!important;padding: 0!important;height: 0!important;text-indent: -999999px;width: 0!important;overflow:hidden;\">Einfaches Kontaktformular<\/legend>        <div\n                style=\"display: none!important; position: absolute!important; transform: translateX(1000%)!important;\"\n                class=\"ff-el-group ff-hpsf-container\"\n        >\n            <div class=\"ff-el-input--label asterisk-right\">\n                <label for=\"ff_3_item_sf\" aria-label=\"Notify\">\n                    Notify                <\/label>\n            <\/div>\n            <div class=\"ff-el-input--content\">\n                <input type=\"text\"\n                       name=\"item_3__fluent_sf\"\n                       class=\"ff-el-form-control\"\n                       id=\"ff_3_item_sf\"\n                \/>\n            <\/div>\n        <\/div>\n        <input type='hidden' name='__fluent_form_embded_post_id' value='7' \/><input type=\"hidden\" id=\"_fluentform_3_fluentformnonce\" name=\"_fluentform_3_fluentformnonce\" value=\"8653f68410\" \/><input type=\"hidden\" name=\"_wp_http_referer\" value=\"\/dev\/wp-json\/wp\/v2\/pages\/7\" \/><div data-type=\"name-element\" data-name=\"names\" class=\" ff-field_container ff-name-field-wrapper\" ><div class='ff-t-container'><div class='ff-t-cell '><div class='ff-el-group  ff-el-form-top'><div class=\"ff-el-input--label ff-el-is-required asterisk-right\"><label for='ff_3_names_first_name_' >Vorname<\/label><\/div><div class='ff-el-input--content'><input type=\"text\" name=\"names[first_name]\" id=\"ff_3_names_first_name_\" class=\"ff-el-form-control\" aria-invalid=\"false\" aria-required=true><\/div><\/div><\/div><div class='ff-t-cell '><div class='ff-el-group  ff-el-form-top'><div class=\"ff-el-input--label asterisk-right\"><label for='ff_3_names_last_name_' >Nachname<\/label><\/div><div class='ff-el-input--content'><input type=\"text\" name=\"names[last_name]\" id=\"ff_3_names_last_name_\" class=\"ff-el-form-control\" aria-invalid=\"false\" aria-required=false><\/div><\/div><\/div><\/div><\/div><div class='ff-el-group'><div class=\"ff-el-input--label ff-el-is-required asterisk-right\"><label for='ff_3_email' aria-label=\"E-Mail Adresse\">E-Mail Adresse<\/label><\/div><div class='ff-el-input--content'><input type=\"email\" name=\"email\" id=\"ff_3_email\" class=\"ff-el-form-control\" data-name=\"email\"  aria-invalid=\"false\" aria-required=true><\/div><\/div><div class='ff-el-group'><div class=\"ff-el-input--label asterisk-right\"><label for='ff_3_description' aria-label=\"Nachricht\">Nachricht<\/label><\/div><div class='ff-el-input--content'><textarea aria-invalid=\"false\" aria-required=false name=\"description\" id=\"ff_3_description\" class=\"ff-el-form-control\" rows=\"3\" cols=\"2\" data-name=\"description\" ><\/textarea><\/div><\/div><div class='ff-el-group ff-text-center ff_submit_btn_wrapper'><button type=\"submit\" class=\"ff-btn ff-btn-submit ff-btn-md ff_btn_style\" >Jetzt Nachricht absenden<\/button><\/div><\/fieldset><\/form><div id='fluentform_3_errors' class='ff-errors-in-stack ff_form_instance_3_1 ff-form-loading_errors ff_form_instance_3_1_errors'><\/div><\/div>        <script type=\"text\/javascript\">\n            window.fluent_form_ff_form_instance_3_1 = {\"id\":\"3\",\"settings\":{\"layout\":{\"labelPlacement\":\"top\",\"helpMessagePlacement\":\"with_label\",\"errorMessagePlacement\":\"inline\",\"asteriskPlacement\":\"asterisk-right\"},\"restrictions\":{\"denyEmptySubmission\":{\"enabled\":false}}},\"form_instance\":\"ff_form_instance_3_1\",\"form_id_selector\":\"fluentform_3\",\"rules\":{\"names[first_name]\":{\"required\":{\"value\":true,\"message\":\"Dieses Feld ist erforderlich\"}},\"names[middle_name]\":{\"required\":{\"value\":false,\"message\":\"Dieses Feld ist erforderlich\"}},\"names[last_name]\":{\"required\":{\"value\":false,\"message\":\"Dieses Feld ist erforderlich\"}},\"email\":{\"required\":{\"value\":true,\"message\":\"Dieses Feld ist erforderlich\"},\"email\":{\"value\":true,\"message\":\"Dieses Feld muss eine g\\u00fcltige E-Mail-Adresse enthalten\"}},\"description\":{\"required\":{\"value\":false,\"message\":\"Dieses Feld ist erforderlich\"}}},\"debounce_time\":300};\n                    <\/script>\n        \n","protected":false},"excerpt":{"rendered":"<p>Willkommen auf unserer neuen Website! Diese Seite befindet sich im Augenblick noch im Aufbau. Noch ist nicht alles an seinem Platz. Schaut gern zwischendurch wieder vorbei. In K\u00fcrze starten wir endlich auch unseren Newsletter. Aktuell bereiten wir f\u00fcr den 5.11. den Kiezrundgang der Erinnerung vor und laden zum gemeinsamen Besuch und putzen der Stolpersteine im&#8230;<\/p>\n","protected":false},"author":1,"featured_media":972,"parent":0,"menu_order":0,"comment_status":"closed","ping_status":"closed","template":"","meta":{"_kad_post_transparent":"enable","_kad_post_title":"hide","_kad_post_layout":"default","_kad_post_sidebar_id":"","_kad_post_content_style":"","_kad_post_vertical_padding":"","_kad_post_feature":"","_kad_post_feature_position":"default","_kad_post_header":false,"_kad_post_footer":false,"footnotes":""},"class_list":["post-7","page","type-page","status-publish","has-post-thumbnail","hentry"],"meta_box":[],"_links":{"self":[{"href":"https:\/\/leben-im-parkviertel.de\/dev\/wp-json\/wp\/v2\/pages\/7","targetHints":{"allow":["GET"]}}],"collection":[{"href":"https:\/\/leben-im-parkviertel.de\/dev\/wp-json\/wp\/v2\/pages"}],"about":[{"href":"https:\/\/leben-im-parkviertel.de\/dev\/wp-json\/wp\/v2\/types\/page"}],"author":[{"embeddable":true,"href":"https:\/\/leben-im-parkviertel.de\/dev\/wp-json\/wp\/v2\/users\/1"}],"replies":[{"embeddable":true,"href":"https:\/\/leben-im-parkviertel.de\/dev\/wp-json\/wp\/v2\/comments?post=7"}],"version-history":[{"count":16,"href":"https:\/\/leben-im-parkviertel.de\/dev\/wp-json\/wp\/v2\/pages\/7\/revisions"}],"predecessor-version":[{"id":1266,"href":"https:\/\/leben-im-parkviertel.de\/dev\/wp-json\/wp\/v2\/pages\/7\/revisions\/1266"}],"wp:featuredmedia":[{"embeddable":true,"href":"https:\/\/leben-im-parkviertel.de\/dev\/wp-json\/wp\/v2\/media\/972"}],"wp:attachment":[{"href":"https:\/\/leben-im-parkviertel.de\/dev\/wp-json\/wp\/v2\/media?parent=7"}],"curies":[{"name":"wp","href":"https:\/\/api.w.org\/{rel}","templated":true}]}}