{"id":1189,"date":"2022-11-12T16:31:30","date_gmt":"2022-11-12T15:31:30","guid":{"rendered":"https:\/\/leben-im-parkviertel.de\/?page_id=1189"},"modified":"2022-11-12T16:44:24","modified_gmt":"2022-11-12T15:44:24","slug":"tausch-und-verschenkeplaetze","status":"publish","type":"page","link":"https:\/\/leben-im-parkviertel.de\/dev\/tausch-und-verschenkeplaetze\/","title":{"rendered":"Tausch- und Verschenkepl\u00e4tze"},"content":{"rendered":"\n<p>Hier entsteht eine \u00dcbersicht der vorhandenen und geplanten Tausch- und Verschenkepl\u00e4tze, wie z.B. die B\u00fccherboxen (CFB, Zukunftshaus, Brienzer Stra\u00dfe, Ev. Korneliusgemeinde, &#8230;). Au\u00dferdem folgt eine Liste mit m\u00f6glichen Einrichtungen f\u00fcr z.B. Kleider- oder ander Sachspenden etc. !<\/p>\n\n\n\n<p>Wer Lust hat sich hier zu einem sog. Rechercheteam zusammenzuschlie\u00dfen &#8211; oder mitteilen m\u00f6chte, welcher Ort hier mit aufgef\u00fchrt werden sollte, meldet sich einstweilen gern per eMail: <a href=\"mailto:kontakt@leben-im-parkviertel.de?subject=Tausch- und Verschenkepl\u00e4tze\" data-type=\"mailto\" data-id=\"mailto:kontakt@leben-im-parkviertel.de\">kontakt@leben-im-parkviertel.de<\/a>  <\/p>\n","protected":false},"excerpt":{"rendered":"<p>Hier entsteht eine \u00dcbersicht der vorhandenen und geplanten Tausch- und Verschenkepl\u00e4tze, wie z.B. die B\u00fccherboxen (CFB, Zukunftshaus, Brienzer Stra\u00dfe, Ev. Korneliusgemeinde, &#8230;). Au\u00dferdem folgt eine Liste mit m\u00f6glichen Einrichtungen f\u00fcr z.B. Kleider- oder ander Sachspenden etc. ! Wer Lust hat sich hier zu einem sog. Rechercheteam zusammenzuschlie\u00dfen &#8211; oder mitteilen m\u00f6chte, welcher Ort hier mit&#8230;<\/p>\n","protected":false},"author":2,"featured_media":0,"parent":0,"menu_order":0,"comment_status":"closed","ping_status":"closed","template":"","meta":{"_kad_post_transparent":"","_kad_post_title":"","_kad_post_layout":"","_kad_post_sidebar_id":"","_kad_post_content_style":"","_kad_post_vertical_padding":"","_kad_post_feature":"","_kad_post_feature_position":"","_kad_post_header":false,"_kad_post_footer":false,"footnotes":""},"class_list":["post-1189","page","type-page","status-publish","hentry"],"meta_box":[],"_links":{"self":[{"href":"https:\/\/leben-im-parkviertel.de\/dev\/wp-json\/wp\/v2\/pages\/1189","targetHints":{"allow":["GET"]}}],"collection":[{"href":"https:\/\/leben-im-parkviertel.de\/dev\/wp-json\/wp\/v2\/pages"}],"about":[{"href":"https:\/\/leben-im-parkviertel.de\/dev\/wp-json\/wp\/v2\/types\/page"}],"author":[{"embeddable":true,"href":"https:\/\/leben-im-parkviertel.de\/dev\/wp-json\/wp\/v2\/users\/2"}],"replies":[{"embeddable":true,"href":"https:\/\/leben-im-parkviertel.de\/dev\/wp-json\/wp\/v2\/comments?post=1189"}],"version-history":[{"count":2,"href":"https:\/\/leben-im-parkviertel.de\/dev\/wp-json\/wp\/v2\/pages\/1189\/revisions"}],"predecessor-version":[{"id":1194,"href":"https:\/\/leben-im-parkviertel.de\/dev\/wp-json\/wp\/v2\/pages\/1189\/revisions\/1194"}],"wp:attachment":[{"href":"https:\/\/leben-im-parkviertel.de\/dev\/wp-json\/wp\/v2\/media?parent=1189"}],"curies":[{"name":"wp","href":"https:\/\/api.w.org\/{rel}","templated":true}]}}