{"id":1141,"date":"2022-11-10T17:27:43","date_gmt":"2022-11-10T16:27:43","guid":{"rendered":"https:\/\/leben-im-parkviertel.de\/?page_id=1141"},"modified":"2022-11-10T17:27:43","modified_gmt":"2022-11-10T16:27:43","slug":"kiezputz","status":"publish","type":"page","link":"https:\/\/leben-im-parkviertel.de\/dev\/kiezputz\/","title":{"rendered":"Kiezputz"},"content":{"rendered":"<p><img loading=\"lazy\" decoding=\"async\" class=\"aligncenter size-large wp-image-949\" src=\"https:\/\/archiv.nilip.de\/wp-content\/uploads\/2022\/09\/Kiezputz-Leo-A4-1024x724.png\" alt=\"\" width=\"676\" height=\"478\" \/><\/p>\n<hr \/>\n<p><em>Der Kiezputz zum World CleanUp-Day am Sa. 17.9. war wieder \u00fcberraschend gut frequentiert. Wir sind \u00fcbrigens inzwischen als Co-Organisatoren gelistet. Im Aktionszeitraum waren nahezu alle Altersschichten \u2013 von uns mit Greifzangen und Eimern ausgestattet \u2013 im und rund um den Schillerpark unterwegs. Den, uns freundlichst vom Stra\u00dfen- u. Gr\u00fcnfl\u00e4chenamt am Treffpunkt bereitgestellten, kleinen gr\u00fcnen Container haben wir gut gef\u00fcllt! \u00dcber die an dem Tag gefundenen Konsum-Utensilien (Spritzen) tauschen wir uns in K\u00fcrze mit Hr. D. (Pr\u00e4ventionsbeamter) und der M\u00fchlenstube (Drogenkonsumraum) aus!<\/em><\/p>\n<p>Kiezputz zum World Cleanup Day 2022<br \/>\nam Samstag, 17.09.2022<br \/>\nTreffpunkt 14 Uhr am Schillerpark<br \/>\n<a href=\"https:\/\/goo.gl\/maps\/QwiuNRDQM9oyUVDs9\" target=\"_blank\" rel=\"noopener\">Eingang Edinburger Stra\u00dfe H\u00f6he T\u00fcrkenstra\u00dfe<\/a><\/p>\n<p><img loading=\"lazy\" decoding=\"async\" class=\"aligncenter size-large wp-image-939\" src=\"https:\/\/archiv.nilip.de\/wp-content\/uploads\/2022\/09\/Kiezputz-Schillerpark-17.09.2022-724x1024.png\" alt=\"\" width=\"676\" height=\"956\" \/><\/p>\n<p><a href=\"https:\/\/archiv.nilip.de\/wp-content\/uploads\/2022\/09\/Kiezputz-Schillerpark-17.09.2022.pdf\">Kiezputz Schillerpark 17.09.2022<\/a><\/p>\n","protected":false},"excerpt":{"rendered":"<p>Der Kiezputz zum World CleanUp-Day am Sa. 17.9. war wieder \u00fcberraschend gut frequentiert. Wir sind \u00fcbrigens inzwischen als Co-Organisatoren gelistet. Im Aktionszeitraum waren nahezu alle Altersschichten \u2013 von uns mit Greifzangen und Eimern ausgestattet \u2013 im und rund um den Schillerpark unterwegs. Den, uns freundlichst vom Stra\u00dfen- u. Gr\u00fcnfl\u00e4chenamt am Treffpunkt bereitgestellten, kleinen gr\u00fcnen Container&#8230;<\/p>\n","protected":false},"author":2,"featured_media":0,"parent":0,"menu_order":0,"comment_status":"closed","ping_status":"closed","template":"","meta":{"_kad_post_transparent":"","_kad_post_title":"","_kad_post_layout":"","_kad_post_sidebar_id":"","_kad_post_content_style":"","_kad_post_vertical_padding":"","_kad_post_feature":"","_kad_post_feature_position":"","_kad_post_header":false,"_kad_post_footer":false,"footnotes":""},"class_list":["post-1141","page","type-page","status-publish","hentry"],"meta_box":[],"_links":{"self":[{"href":"https:\/\/leben-im-parkviertel.de\/dev\/wp-json\/wp\/v2\/pages\/1141","targetHints":{"allow":["GET"]}}],"collection":[{"href":"https:\/\/leben-im-parkviertel.de\/dev\/wp-json\/wp\/v2\/pages"}],"about":[{"href":"https:\/\/leben-im-parkviertel.de\/dev\/wp-json\/wp\/v2\/types\/page"}],"author":[{"embeddable":true,"href":"https:\/\/leben-im-parkviertel.de\/dev\/wp-json\/wp\/v2\/users\/2"}],"replies":[{"embeddable":true,"href":"https:\/\/leben-im-parkviertel.de\/dev\/wp-json\/wp\/v2\/comments?post=1141"}],"version-history":[{"count":1,"href":"https:\/\/leben-im-parkviertel.de\/dev\/wp-json\/wp\/v2\/pages\/1141\/revisions"}],"predecessor-version":[{"id":1142,"href":"https:\/\/leben-im-parkviertel.de\/dev\/wp-json\/wp\/v2\/pages\/1141\/revisions\/1142"}],"wp:attachment":[{"href":"https:\/\/leben-im-parkviertel.de\/dev\/wp-json\/wp\/v2\/media?parent=1141"}],"curies":[{"name":"wp","href":"https:\/\/api.w.org\/{rel}","templated":true}]}}