{"id":1060,"date":"2022-10-25T21:08:05","date_gmt":"2022-10-25T19:08:05","guid":{"rendered":"https:\/\/leben-im-parkviertel.de\/?page_id=1060"},"modified":"2022-11-09T13:16:29","modified_gmt":"2022-11-09T12:16:29","slug":"adventskalender","status":"publish","type":"page","link":"https:\/\/leben-im-parkviertel.de\/dev\/adventskalender\/","title":{"rendered":"Adventskalender"},"content":{"rendered":"\n<p>Hier entsteht in K\u00fcrze die Seite f\u00fcr<\/p>\n\n\n<h2 class=\"gb-headline gb-headline-9fc79491 gb-headline-text\" id=\"lebendiger-adventskalender-parkviertel\">Lebendiger Adventskalender Parkviertel<\/h2>\n\n\n<p>Hier werden wir (erstmals dieses Jahr) Termine, die im Parkviertel (Englisches Viertel, Afrikanisches Viertel, Br\u00fcsseler Kiez und angrenzende) &#8211; mit einem besonderen Bezug zur Adventszeit stattfinden &#8211; auflisten.<\/p>\n\n\n\n<p>Die Angebote sollen keinen gewerbsm\u00e4\u00dfigen\/kommerziellen Charakter haben, sondern niedrigschwellig und m\u00f6glichst ohne Kosten den Anwohnenden Gelegenheit geben, ihre Nachbar:innen und die hier ans\u00e4ssigen Veranstalter\/Tr\u00e4ger besser kennenzulernen.<\/p>\n\n\n\n<p><em><strong>Lebendiger Adventskalender im Parkviertel<\/strong><\/em><\/p>\n\n\n\n<p><em>An unterschiedlichsten Orten im Parkviertel rund um Schillerpark und Rehberge finden lebendige Veranstaltungen zur Einstimmung in den Advent statt. Egal ob etwas in besonderer Form weihnachtlich dekoriert wird, eine Geschichte vorgelesen, ein Adventslied gespielt oder ein Gebet gesprochen wird \u2013 der Fantasie ist hier freien Lauf gelassen. Die vorweihnachtlichen \u00dcberraschungen k\u00f6nnen von Einzelpersonen, Familien, Hausgemeinschaften, Vereinen, Schulen, Kinderg\u00e4rten, Kirchengemeinden und vielen mehr organisiert werden.<\/em><\/p>\n\n\n\n<p><em>Um den eigentlichen Sinn von Weihnachten wieder in den Vordergrund zu r\u00fccken, \u00f6ffnet in der Zeit vom 27. November &#8211; 1. Advent- bis Heilig Abend t\u00e4glich ein anderes T\u00fcrchen im Parkviertel.<\/em><\/p>\n\n\n\n<p><em>Dabei ist das Prinzip ganz einfach. Ob Kleingartenanlage, Gewerbetreibender, Verein, Organisation, Kirchengemeinde oder einfach nur Jemand, der die Weihnachtsvorfreude mit anderen teilen m\u00f6chte: man trifft sich, singt, bastelt, h\u00f6rt Adventslieder miteinander, spielt und stimmt sich auf Heilig Abend ein. Und \u00f6ffnet somit f\u00fcr kurze Zeit ein \u201eHaust\u00fcrchen\u201c im Parkviertel.<\/em><\/p>\n\n\n\n<p><em>F\u00fcr den Lebendigen Adventskalender soll es eine \u00dcbersicht zu allen Veranstaltungen geben, die Sie an unterschiedlichsten Orten erhalten oder online. Herzlich willkommen!<\/em><\/p>\n\n\n\n<p>Veranstalter\/Tr\u00e4ger die Ihre Angebote hier gelistet haben m\u00f6chten, k\u00f6nnen sich schon jetzt &#8220;formlos&#8221; unter der eMailadresse: adventskalender@nilip.de melden. Wir werden in K\u00fcrze aber auch &#8211; \u00fcber den Runden Tisch Parkviertel &#8211; ein Formular an alle versenden, um den Vorgang zu vereinfachen.<\/p>\n\n\n\n<p>1. wann, an welchem Datum? (Bitte jede Wiederholung extra anmelden)<br>2. wann, zu welcher Uhrzeit (von bis)?<br>3. wo (Stra\u00dfe u. Hausnummer)? (ggfl. Etage)<br>4. wo (PLZ, Ort, Kiez)?<br>5. wer (Veranstalter\/Tr\u00e4ger)? (Bitte Ansprechperson mit Rufnummer und eMail f\u00fcr unsere R\u00fcckfragen angeben!)<br>6. was (was genau wird angeboten, gezeigt)? (k\u00f6nnen sich Anwohnende mitwirkend beteiligen?)<br>7. wird etwas gegen Entgelt angeboten, findet ein Verkauf statt, wird Eintritt verlangt?<br>8. Ist die Veranstaltung barrierefrei \/ barrierearm? F\u00fcr Besucher:innen mit Rollstuhl geeignet?<br>9. Anmerkungen\/Sonstiges (ggfl. Hinweise zum Infektionsschutz)<br>10. Flyer, Logo, eigene Projekt-Internetseite<br>11. Anmeldung Newsletter Adventskalender (ja\/nein)?<\/p>\n\n\n\n<p>Der Kalender wird unter <a href=\"http:\/\/www.lebendiger-adventskalender-parkviertel.de\">www.lebendiger-adventskalender-parkviertel.de<\/a> entwickelt und abrufbar sein.<\/p>\n\n\n\n<p>Fragen\/Anmeldungen = <a href=\"mailto:adventskalender@nilip.de\">adventskalender@nilip.de<\/a><\/p>\n\n\n\n<p>Dieses Projekt ist eine gemeinsame Idee der <strong>Ev. Korneliusgemeinde<\/strong>, der Nachbarschaftsinitiative <strong>Leben im Parkviertel<\/strong> und weiterer Kiez-Akteure aus dem Runden Tisch Parkviertel &#8211; und wird von allen Beteiligten ehrenamtlich umgesetzt.<\/p>\n\n\n\n<figure class=\"wp-block-image size-full\"><img loading=\"lazy\" decoding=\"async\" width=\"591\" height=\"354\" src=\"https:\/\/leben-im-parkviertel.de\/dev\/wp-content\/uploads\/adventskalender.png\" alt=\"\" class=\"wp-image-1065\" srcset=\"https:\/\/leben-im-parkviertel.de\/dev\/wp-content\/uploads\/adventskalender.png 591w, https:\/\/leben-im-parkviertel.de\/dev\/wp-content\/uploads\/adventskalender-300x180.png 300w\" sizes=\"auto, (max-width: 591px) 100vw, 591px\" \/><\/figure>\n","protected":false},"excerpt":{"rendered":"<p>Hier entsteht in K\u00fcrze die Seite f\u00fcr Lebendiger Adventskalender Parkviertel Hier werden wir (erstmals dieses Jahr) Termine, die im Parkviertel (Englisches Viertel, Afrikanisches Viertel, Br\u00fcsseler Kiez und angrenzende) &#8211; mit einem besonderen Bezug zur Adventszeit stattfinden &#8211; auflisten. Die Angebote sollen keinen gewerbsm\u00e4\u00dfigen\/kommerziellen Charakter haben, sondern niedrigschwellig und m\u00f6glichst ohne Kosten den Anwohnenden Gelegenheit geben,&#8230;<\/p>\n","protected":false},"author":1,"featured_media":0,"parent":0,"menu_order":0,"comment_status":"closed","ping_status":"closed","template":"","meta":{"_kad_post_transparent":"","_kad_post_title":"","_kad_post_layout":"","_kad_post_sidebar_id":"","_kad_post_content_style":"","_kad_post_vertical_padding":"","_kad_post_feature":"","_kad_post_feature_position":"","_kad_post_header":false,"_kad_post_footer":false,"footnotes":""},"class_list":["post-1060","page","type-page","status-publish","hentry"],"meta_box":[],"_links":{"self":[{"href":"https:\/\/leben-im-parkviertel.de\/dev\/wp-json\/wp\/v2\/pages\/1060","targetHints":{"allow":["GET"]}}],"collection":[{"href":"https:\/\/leben-im-parkviertel.de\/dev\/wp-json\/wp\/v2\/pages"}],"about":[{"href":"https:\/\/leben-im-parkviertel.de\/dev\/wp-json\/wp\/v2\/types\/page"}],"author":[{"embeddable":true,"href":"https:\/\/leben-im-parkviertel.de\/dev\/wp-json\/wp\/v2\/users\/1"}],"replies":[{"embeddable":true,"href":"https:\/\/leben-im-parkviertel.de\/dev\/wp-json\/wp\/v2\/comments?post=1060"}],"version-history":[{"count":3,"href":"https:\/\/leben-im-parkviertel.de\/dev\/wp-json\/wp\/v2\/pages\/1060\/revisions"}],"predecessor-version":[{"id":1125,"href":"https:\/\/leben-im-parkviertel.de\/dev\/wp-json\/wp\/v2\/pages\/1060\/revisions\/1125"}],"wp:attachment":[{"href":"https:\/\/leben-im-parkviertel.de\/dev\/wp-json\/wp\/v2\/media?parent=1060"}],"curies":[{"name":"wp","href":"https:\/\/api.w.org\/{rel}","templated":true}]}}